{"id":1005,"date":"2016-02-14T11:40:31","date_gmt":"2016-02-14T11:40:31","guid":{"rendered":"http:\/\/kidsworld.premiumthemes.in\/?page_id=1005"},"modified":"2025-10-08T13:18:48","modified_gmt":"2025-10-08T11:18:48","slug":"home-five","status":"publish","type":"page","link":"https:\/\/www.elternrat-selzach.ch\/elternrat\/","title":{"rendered":"Home Version 5"},"content":{"rendered":"[vc_row][vc_column width=&#8220;1\/3&#8243; css=&#8220;.vc_custom_1459420710997{padding: 0px !important;}&#8220;][\/vc_column][vc_column width=&#8220;1\/3&#8243;]<div  class=\"swmsc_fancy_heading swmsc_fancy_heading_center fh_icon_star\" style=\"margin-top:10px;margin-bottom:60px;\">\n\t\t\t\t\t\t<div class=\"swmsc_fancy_heading_text\" style=\"font-size:30px;line-height:36px;\">\n\t\t\t\t\t\t\t<span style=\"color: #8373ce;\"><strong>News<br \/>\n<\/strong><\/span>\n\t\t\t\t\t\t\t<div class=\"swmsc_fancy_heading_border\">\n\t\t\t\t\t\t\t\t<span class=\"swmsc_fancy_heading_border1\" style=\"background:#f8b54d;\"><\/span>\n\t\t\t\t\t\t\t\t<span class=\"swmsc_fancy_heading_border2\" style=\"background:#f8b54d;\"><\/span>\n\t\t\t\t\t\t\t\t<span class=\"swmsc_fancy_heading_icon\"><i class=\"fa fa-star\"  style=\"color:#8373ce;\"><\/i><\/span>\n\t\t\t\t\t\t\t<\/div>\n\t\t\t\t\t\t<\/div>\n\t\t\t\t\t<\/div><div  class=\"swmsc_full_width_section\" style=\" background-color:#ffffff;background-image:url(https:\/\/www.elternrat-selzach.ch\/elternrat\/wp-content\/uploads\/2016\/02\/sample-school-sketch-elements2-4.png); background-position:center top; background-repeat: repeat; background-attachment: scroll; background-size: auto;  padding-top:80px; padding-bottom:80px; margin-top:0px; margin-bottom:0px;  \">\n\t\t\t\t\t\t<div class=\"swmsc_container\">\n\t\t\t\t\t\t\t<div  class=\"swmsc_promotion_box  p_box_default\" style=\"background:#8373ce;\">\n\t\t\t\t\t\t<div class=\"swmsc_promotion_box_text \">\n\t\t\t\t\t\t\t<div class=\"swmsc_promotion_box_title_text\" style=\" margin-top:8px; font-size:22px; color:#ffffff;\">Referat zum Thema Mobbing<div class=\"swmsc_promotion_box_sub_title\" style=\"color:#ffffff; font-size:13px;\"><\/div>\n\t\t\t\t\t\t\t<\/div>\n\t\t\t\t\t\t<\/div><div class=\"swmsc_promotion_box_button\">\n\t\t\t\t\t\t\t\t\t\t\t<a style=\"background:#fcb54d;color:#ffffff;\" href=\"https:\/\/www.elternrat-selzach.ch\/elternrat\/event\/referat-mobbing\/\" class=\"swmsc_button large square skin_color\" target=\"_self\">Jetzt Anmelden!<\/a>\n\t\t\t\t\t\t\t\t\t\t<\/div><div class=\"clear\"><\/div>\n\t\t\t\t\t<\/div><div  class=\"swmsc_promotion_box  p_box_default\" style=\"background:#8373ce;\">\n\t\t\t\t\t\t<div class=\"swmsc_promotion_box_text \">\n\t\t\t\t\t\t\t<div class=\"swmsc_promotion_box_title_text\" style=\" margin-top:8px; font-size:22px; color:#ffffff;\">Erz\u00e4hlnacht 2025<div class=\"swmsc_promotion_box_sub_title\" style=\"color:#ffffff; font-size:13px;\"><\/div>\n\t\t\t\t\t\t\t<\/div>\n\t\t\t\t\t\t<\/div><div class=\"swmsc_promotion_box_button\">\n\t\t\t\t\t\t\t\t\t\t\t<a style=\"background:#fcb54d;color:#ffffff;\" href=\"https:\/\/www.elternrat-selzach.ch\/elternrat\/event\/erzaehlnacht-2025\/\" class=\"swmsc_button large square skin_color\" target=\"_self\">Erfahre Mehr<\/a>\n\t\t\t\t\t\t\t\t\t\t<\/div><div class=\"clear\"><\/div>\n\t\t\t\t\t<\/div><div  class=\"swmsc_promotion_box  p_box_default\" style=\"background:#8373ce;\">\n\t\t\t\t\t\t<div class=\"swmsc_promotion_box_text \">\n\t\t\t\t\t\t\t<div class=\"swmsc_promotion_box_title_text\" style=\" margin-top:8px; font-size:22px; color:#ffffff;\">Referat zum Thema Gaming<div class=\"swmsc_promotion_box_sub_title\" style=\"color:#ffffff; font-size:13px;\"><\/div>\n\t\t\t\t\t\t\t<\/div>\n\t\t\t\t\t\t<\/div><div class=\"swmsc_promotion_box_button\">\n\t\t\t\t\t\t\t\t\t\t\t<a style=\"background:#fcb54d;color:#ffffff;\" href=\"https:\/\/www.elternrat-selzach.ch\/elternrat\/event\/keine-angst-vor-videogames\/\" class=\"swmsc_button large square skin_color\" target=\"_self\">Jetzt Anmelden!<\/a>\n\t\t\t\t\t\t\t\t\t\t<\/div><div class=\"clear\"><\/div>\n\t\t\t\t\t<\/div>\n\t\t\t\t\t\t\t<div class=\"clear\"><\/div>\n\t\t\t\t\t\t<\/div>\n\t\t\t\t\t<\/div>[\/vc_column][vc_column width=&#8220;1\/3&#8243;][\/vc_column][\/vc_row][vc_row css=&#8220;.vc_custom_1459692815437{padding-top: 20px !important;padding-bottom: 0px !important;}&#8220;][vc_column]<div   >\n\t\t\t\t\t\t<div class=\"swmsc_container\">\n\t\t\t\t\t\t\t<div  class=\"swmsc_fancy_heading swmsc_fancy_heading_center fh_icon_star\" style=\"margin-top:10px;margin-bottom:60px;\">\n\t\t\t\t\t\t<div class=\"swmsc_fancy_heading_text\" style=\"font-size:30px;line-height:36px;\">\n\t\t\t\t\t\t\t<span style=\"color: #8373ce;\"><strong>Einige Worte \u00fcber Uns<br \/>\n<\/strong><\/span>\n\t\t\t\t\t\t\t<div class=\"swmsc_fancy_heading_border\">\n\t\t\t\t\t\t\t\t<span class=\"swmsc_fancy_heading_border1\" style=\"background:#f8b54d;\"><\/span>\n\t\t\t\t\t\t\t\t<span class=\"swmsc_fancy_heading_border2\" style=\"background:#f8b54d;\"><\/span>\n\t\t\t\t\t\t\t\t<span class=\"swmsc_fancy_heading_icon\"><i class=\"fa fa-star\"  style=\"color:#8373ce;\"><\/i><\/span>\n\t\t\t\t\t\t\t<\/div>\n\t\t\t\t\t\t<\/div>\n\t\t\t\t\t<\/div>[vc_row_inner][vc_column_inner width=&#8220;1\/2&#8243; css=&#8220;.vc_custom_1459692796960{padding-bottom: 30px !important;}&#8220;][vc_single_image image=&#8220;1529&#8243; img_size=&#8220;full&#8220; el_class=&#8220;round20&#8243;][\/vc_column_inner][vc_column_inner width=&#8220;1\/2&#8243; css=&#8220;.vc_custom_1459692804239{padding-bottom: 30px !important;}&#8220;]<div  class=\"swmsc_text_block\" > <strong>Der Elternrat<\/strong> f\u00f6rdert den regelm\u00e4ssigen Informationsaustausch zwischen Eltern und Schule. Er unterst\u00fctzt die Mithilfe der Eltern im Umfeld der Schule<br \/>\nund den partnerschaftlichen Umgang aller an der Schule Beteiligten. Die gemeinsame Verantwortung f\u00fcr die Kinder soll vermehrt wahrgenommen werden.<\/p>\n<p>Der Elternrat unterst\u00fctzt die Schule, indem er:<\/p>\n<div  class=\"clear swmsc_gap\" style=\"margin:30px 0 0 0;\"><\/div>\n<div   >\n\t\t\t\t\t\t<div class=\"swmsc_icon_title swmsc_it_left\" style=\"margin-bottom:15px;\">\n\t\t\t\t\t\t\t<span>\n\t\t\t\t\t\t\t\t<h5 style=\"font-size:18px; color:18px;\">\n\t\t\t\t\t\t\t\t\t<i class=\"fa fa-soccer-ball-o\" style=\"color:#d07dd2;\"><\/i><span style=\"color:#666666;\" target=\"_blank\">die Mitwirkung der Eltern an der Schule f\u00f6rdert<\/span>\n\t\t\t\t\t\t\t\t<\/h5>\n\t\t\t\t\t\t\t<\/span>\n\t\t\t\t\t\t<\/div>\n\t\t\t\t\t<\/div>\n<div   >\n\t\t\t\t\t\t<div class=\"swmsc_icon_title swmsc_it_left\" style=\"margin-bottom:15px;\">\n\t\t\t\t\t\t\t<span>\n\t\t\t\t\t\t\t\t<h5 style=\"font-size:18px; color:18px;\">\n\t\t\t\t\t\t\t\t\t<i class=\"fa fa-cutlery\" style=\"color:#fcb54d;\"><\/i><span style=\"color:#666666;\" target=\"_blank\">die Interessen und Anliegen der Eltern wahrt und ernst nimmt<\/span>\n\t\t\t\t\t\t\t\t<\/h5>\n\t\t\t\t\t\t\t<\/span>\n\t\t\t\t\t\t<\/div>\n\t\t\t\t\t<\/div>\n<div   >\n\t\t\t\t\t\t<div class=\"swmsc_icon_title swmsc_it_left\" style=\"margin-bottom:15px;\">\n\t\t\t\t\t\t\t<span>\n\t\t\t\t\t\t\t\t<h5 style=\"font-size:18px; color:18px;\">\n\t\t\t\t\t\t\t\t\t<i class=\"fa fa-umbrella\" style=\"color:#73c293;\"><\/i><span style=\"color:#666666;\" target=\"_blank\">sich zusammen mit der Schule f\u00fcr gemeinsame Werte engagiert<\/span>\n\t\t\t\t\t\t\t\t<\/h5>\n\t\t\t\t\t\t\t<\/span>\n\t\t\t\t\t\t<\/div>\n\t\t\t\t\t<\/div>\n<div   >\n\t\t\t\t\t\t<div class=\"swmsc_icon_title swmsc_it_left\" style=\"margin-bottom:15px;\">\n\t\t\t\t\t\t\t<span>\n\t\t\t\t\t\t\t\t<h5 style=\"font-size:18px; color:18px;\">\n\t\t\t\t\t\t\t\t\t<i class=\"fa fa-group\" style=\"color:#f47c7d;\"><\/i><span style=\"color:#666666;\" target=\"_blank\">die Integration f\u00f6rdert<\/span>\n\t\t\t\t\t\t\t\t<\/h5>\n\t\t\t\t\t\t\t<\/span>\n\t\t\t\t\t\t<\/div>\n\t\t\t\t\t<\/div>\n<div   >\n\t\t\t\t\t\t<div class=\"swmsc_icon_title swmsc_it_left\" style=\"margin-bottom:15px;\">\n\t\t\t\t\t\t\t<span>\n\t\t\t\t\t\t\t\t<h5 style=\"font-size:18px; color:18px;\">\n\t\t\t\t\t\t\t\t\t<i class=\"fa fa-gears\" style=\"color:#f47c7d;\"><\/i><span style=\"color:#666666;\" target=\"_blank\">f\u00fcr die Zusammenarbeit zwischen Eltern und Schule offen ist<\/span>\n\t\t\t\t\t\t\t\t<\/h5>\n\t\t\t\t\t\t\t<\/span>\n\t\t\t\t\t\t<\/div>\n\t\t\t\t\t<\/div>\n<div   >\n\t\t\t\t\t\t<div class=\"swmsc_icon_title swmsc_it_left\" style=\"margin-bottom:15px;\">\n\t\t\t\t\t\t\t<span>\n\t\t\t\t\t\t\t\t<h5 style=\"font-size:18px; color:18px;\">\n\t\t\t\t\t\t\t\t\t<i class=\"fa fa-bell\" style=\"color:#f47c7d;\"><\/i><span style=\"color:#666666;\" target=\"_blank\">schulische und schulnahe Projekte auf Anfrage unterst\u00fctzt<\/span>\n\t\t\t\t\t\t\t\t<\/h5>\n\t\t\t\t\t\t\t<\/span>\n\t\t\t\t\t\t<\/div>\n\t\t\t\t\t<\/div>\n<div   >\n\t\t\t\t\t\t<div class=\"swmsc_icon_title swmsc_it_left\" style=\"margin-bottom:15px;\">\n\t\t\t\t\t\t\t<span>\n\t\t\t\t\t\t\t\t<h5 style=\"font-size:18px; color:18px;\">\n\t\t\t\t\t\t\t\t\t<i class=\"fa fa-graduation-cap\" style=\"color:#f47c7d;\"><\/i><span style=\"color:#666666;\" target=\"_blank\">einen konstruktiven Dialog mit allen Beteiligten f\u00fchrt<\/span>\n\t\t\t\t\t\t\t\t<\/h5>\n\t\t\t\t\t\t\t<\/span>\n\t\t\t\t\t\t<\/div>\n\t\t\t\t\t<\/div>\n<div   >\n\t\t\t\t\t\t<div class=\"swmsc_icon_title swmsc_it_left\" style=\"margin-bottom:15px;\">\n\t\t\t\t\t\t\t<span>\n\t\t\t\t\t\t\t\t<h5 style=\"font-size:18px; color:18px;\">\n\t\t\t\t\t\t\t\t\t<i class=\"fa fa-rocket\" style=\"color:#f47c7d;\"><\/i><span style=\"color:#666666;\" target=\"_blank\">den Erfahrungsaustausch unter Eltern f\u00f6rdert<\/span>\n\t\t\t\t\t\t\t\t<\/h5>\n\t\t\t\t\t\t\t<\/span>\n\t\t\t\t\t\t<\/div>\n\t\t\t\t\t<\/div>\n<div   >\n\t\t\t\t\t\t<div class=\"swmsc_icon_title swmsc_it_left\" style=\"margin-bottom:15px;\">\n\t\t\t\t\t\t\t<span>\n\t\t\t\t\t\t\t\t<h5 style=\"font-size:18px; color:18px;\">\n\t\t\t\t\t\t\t\t\t<i class=\"fa fa-angle-right\" style=\"color:#f47c7d;\"><\/i><span style=\"color:#666666;\" target=\"_blank\">und noch einige mehr<\/span>\n\t\t\t\t\t\t\t\t<\/h5>\n\t\t\t\t\t\t\t<\/span>\n\t\t\t\t\t\t<\/div>\n\t\t\t\t\t<\/div>\n<p><a href=\"https:\/\/elternrat-selzach.ch\/elternrat\/wp-content\/uploads\/2019\/01\/Leitfaden_Elternmitwirkung_Selzach.pdf\" target=\"_blank\" rel=\"noopener noreferrer\"> (Leitfaden Elternmitwirkung Selzach)<\/a><\/p>\n<div class=\"clear\"><\/div> <div  class=\"clear swmsc_gap\" style=\"margin:15px 0 0 0;\"><\/div><\/div>[\/vc_column_inner][\/vc_row_inner]\n\t\t\t\t\t\t\t<div class=\"clear\"><\/div>\n\t\t\t\t\t\t<\/div>\n\t\t\t\t\t<\/div>[\/vc_column][\/vc_row][vc_row css=&#8220;.vc_custom_1459692872087{padding-top: 90px !important;padding-right: 0px !important;padding-bottom: 50px !important;padding-left: 0px !important;}&#8220;][vc_column css=&#8220;.vc_custom_1459365406782{padding: 0px !important;background-color: #adcb69 !important;}&#8220;]<div   >\n\t\t\t\t\t\t<div class=\"swmsc_container\">\n\t\t\t\t\t\t\t[vc_row_inner][vc_column_inner width=&#8220;1\/3&#8243; css=&#8220;.vc_custom_1459365264508{padding-top: 70px !important;padding-right: 30px !important;padding-bottom: 45px !important;padding-left: 30px !important;}&#8220;]<div   >\n\t\t\t\t\t\t<div class=\"swmsc_services_icons swmsc_responsive_services swmsc_services_item_center\" data-responsive=\"767\" data-margin=\"20\" >\n\t\t\t\t\t\t\t\t<div class=\"swmsc_services_item_holder swmsc_services_icon_medium\" style=\"margin-bottom:20px;\">\n\t\t\t\t\t\t\t\t<span style=\"border:2px solid #ffffff; border-radius:100%; background:rgba(255,255,255,0.01);\">\n\t\t\t\t\t\t\t\t\t<a href=\"https:\/\/elternrat-selzach.ch\/elternrat\/mitwirkung\/\"  target=\"_self\"><i class=\"fa fa-pencil\" style=\"color:#ffffff; margin-top:-2px;\"><\/i><\/a>\n\t\t\t\t\t\t\t\t<\/span>\n\t\t\t\t\t\t\t<\/div>\n\t\t\t\t\t\t\t<div class=\"swmsc_services_icon_content\">\n\t\t\t\t\t\t\t\t<h5 style=\"margin-bottom:10px;\"><a href=\"https:\/\/elternrat-selzach.ch\/elternrat\/mitwirkung\/\" style=\"font-size:27px; color:#ffffff;\"  target=\"_self\">Mitwirkung<\/a><\/h5>\n\t\t\t\t\t\t\t\t\n<p style=\"text-align: center;\"><div  class=\"swmsc_custom_dividers swmsc_dividers_circle_o text_align_center\" style=\"margin-top:25px;margin-bottom:20px;\"><span style=\"border-color:#c6e08d;\"><\/span><span style=\"border-color:#c6e08d;\"><\/span><span style=\"border-color:#c6e08d;\"><\/span><span style=\"border-color:#c6e08d;\"><\/span><\/div>\n<p style=\"text-align: center;\"><span style=\"color: #ffffff;\">Der Elternrat braucht jedes Jahr neue Eltern die sich engagieren m\u00f6chten.<\/span><\/p>\n<p style=\"text-align: center;\"><span style=\"color: #ffffff;\"><strong><a style=\"color: #ffffff;\" href=\"https:\/\/elternrat-selzach.ch\/elternrat\/mitwirkung\/\">Mehr dazu<\/a><\/strong><\/span><\/p>\n\n\t\t\t\t\t\t\t\t<\/div>\n\t\t\t\t\t\t\t<div class=\"clear\"><\/div>\n\t\t\t\t\t\t<\/div>\n\t\t\t\t\t\t<div class=\"clear\"><\/div>\n\t\t\t\t\t<\/div>[\/vc_column_inner][vc_column_inner width=&#8220;1\/3&#8243; css=&#8220;.vc_custom_1459365455100{padding-top: 70px !important;padding-right: 30px !important;padding-bottom: 45px !important;padding-left: 30px !important;background-color: #9bb65e !important;}&#8220;]<div   >\n\t\t\t\t\t\t<div class=\"swmsc_services_icons swmsc_responsive_services swmsc_services_item_center\" data-responsive=\"767\" data-margin=\"20\" >\n\t\t\t\t\t\t\t\t<div class=\"swmsc_services_item_holder swmsc_services_icon_medium\" style=\"margin-bottom:20px;\">\n\t\t\t\t\t\t\t\t<span style=\"border:2px solid #ffffff; border-radius:100%; background:rgba(255,255,255,0.01);\">\n\t\t\t\t\t\t\t\t\t<a href=\"https:\/\/elternrat-selzach.ch\/elternrat\/projekte\/\"  target=\"_self\"><i class=\"fa fa-book\" style=\"color:#ffffff; margin-top:-2px;\"><\/i><\/a>\n\t\t\t\t\t\t\t\t<\/span>\n\t\t\t\t\t\t\t<\/div>\n\t\t\t\t\t\t\t<div class=\"swmsc_services_icon_content\">\n\t\t\t\t\t\t\t\t<h5 style=\"margin-bottom:10px;\"><a href=\"https:\/\/elternrat-selzach.ch\/elternrat\/projekte\/\" style=\"font-size:27px; color:#ffffff;\"  target=\"_self\">Projekte<\/a><\/h5>\n\t\t\t\t\t\t\t\t\n<p style=\"text-align: center;\"><div  class=\"swmsc_custom_dividers swmsc_dividers_circle_o text_align_center\" style=\"margin-top:25px;margin-bottom:20px;\"><span style=\"border-color:#c6e08d;\"><\/span><span style=\"border-color:#c6e08d;\"><\/span><span style=\"border-color:#c6e08d;\"><\/span><span style=\"border-color:#c6e08d;\"><\/span><\/div>\n<p style=\"text-align: center;\"><span style=\"color: #ffffff;\">Der Elternrat plant immer wieder neue Projekte f\u00fcr unsere Kinder. Auch der Ferienpass wird durch <\/span><span style=\"color: #ffffff;\">den Elternrat organisiert und durchgef\u00fchrt.<\/span><\/p>\n<p style=\"text-align: center;\"><span style=\"color: #ffffff;\"><strong><a style=\"color: #ffffff;\" href=\"https:\/\/elternrat-selzach.ch\/elternrat\/projekte\/\">Mehr dazu<\/a><\/strong><\/span><\/p>\n\n\t\t\t\t\t\t\t\t<\/div>\n\t\t\t\t\t\t\t<div class=\"clear\"><\/div>\n\t\t\t\t\t\t<\/div>\n\t\t\t\t\t\t<div class=\"clear\"><\/div>\n\t\t\t\t\t<\/div>[\/vc_column_inner][vc_column_inner width=&#8220;1\/3&#8243; css=&#8220;.vc_custom_1459365278331{padding-top: 70px !important;padding-bottom: 45px !important;}&#8220;]<div   >\n\t\t\t\t\t\t<div class=\"swmsc_services_icons swmsc_responsive_services swmsc_services_item_center\" data-responsive=\"767\" data-margin=\"20\" >\n\t\t\t\t\t\t\t\t<div class=\"swmsc_services_item_holder swmsc_services_icon_medium\" style=\"margin-bottom:20px;\">\n\t\t\t\t\t\t\t\t<span style=\"border:2px solid #ffffff; border-radius:100%; background:rgba(255,255,255,0.01);\">\n\t\t\t\t\t\t\t\t\t<i class=\"fa fa-child\" style=\"color:#ffffff; margin-top:-2px;\"><\/i>\n\t\t\t\t\t\t\t\t<\/span>\n\t\t\t\t\t\t\t<\/div>\n\t\t\t\t\t\t\t<div class=\"swmsc_services_icon_content\">\n\t\t\t\t\t\t\t\t<h5 style=\"font-size:27px; color:#ffffff;margin-bottom:10px;\">Elternratgeber<\/h5>\n\t\t\t\t\t\t\t\t\n<p style=\"text-align: center;\"><div  class=\"swmsc_custom_dividers swmsc_dividers_circle_o text_align_center\" style=\"margin-top:25px;margin-bottom:20px;\"><span style=\"border-color:#c6e08d;\"><\/span><span style=\"border-color:#c6e08d;\"><\/span><span style=\"border-color:#c6e08d;\"><\/span><span style=\"border-color:#c6e08d;\"><\/span><\/div>\n<p style=\"text-align: center;\"><span style=\"color: #ffffff;\">Dieser Ratgeber von Eltern f\u00fcr Eltern hat zum Ziel, Sie rund um das Thema Erziehung mit wichtigen Informationen und Empfehlungen zu bedienen.<\/span><\/p>\n<p style=\"text-align: center;\"><span style=\"color: #ffffff;\"><strong><a style=\"color: #ffffff;\" href=\"https:\/\/elternrat-selzach.ch\/elternrat\/wp-content\/uploads\/2019\/01\/Ratgeber-von-Eltern-f\u00fcr-Eltern-17.10.2018.pdf\" target=\"_blank&quot;\" rel=\"noopener noreferrer\">Ratgeber von Eltern f\u00fcr Eltern<\/a><\/strong><\/span><\/p>\n\n\t\t\t\t\t\t\t\t<\/div>\n\t\t\t\t\t\t\t<div class=\"clear\"><\/div>\n\t\t\t\t\t\t<\/div>\n\t\t\t\t\t\t<div class=\"clear\"><\/div>\n\t\t\t\t\t<\/div>[\/vc_column_inner][\/vc_row_inner]\n\t\t\t\t\t\t\t<div class=\"clear\"><\/div>\n\t\t\t\t\t\t<\/div>\n\t\t\t\t\t<\/div>[\/vc_column][\/vc_row][vc_row][vc_column css=&#8220;.vc_custom_1459420710997{padding: 0px !important;}&#8220;]<div  class=\"swmsc_full_width_section\" style=\" background-color:rgba(23,158,153,0.51);background-size: auto;  padding-top:0px; padding-bottom:0px; margin-top:0px; margin-bottom:0px;  \">\n\t\t\t\t\t\t<div class=\"swmsc_container\">\n\t\t\t\t\t\t\t<div  class=\"swmsc_fancy_heading swmsc_fancy_heading_center fh_icon_fancyHeadingNoIcon\" style=\"margin-top:40px;margin-bottom:40px;\">\n\t\t\t\t\t\t<div class=\"swmsc_fancy_heading_text\" style=\"font-size:30px;line-height:36px;\">\n\t\t\t\t\t\t\tAuszug &#8222;Ratgeber von Eltern f\u00fcr Eltern&#8220;\n\t\t\t\t\t\t\t<div class=\"swmsc_fancy_heading_border\">\n\t\t\t\t\t\t\t\t<span class=\"swmsc_fancy_heading_border1\" style=\"background:#f8b54d;\"><\/span>\n\t\t\t\t\t\t\t\t<span class=\"swmsc_fancy_heading_border2\" style=\"background:#f8b54d;\"><\/span>\n\t\t\t\t\t\t\t\t<span class=\"swmsc_fancy_heading_icon\"><i class=\"fa fa-fancyHeadingNoIcon\"  style=\"color:#8373ce;\"><\/i><\/span>\n\t\t\t\t\t\t\t<\/div>\n\t\t\t\t\t\t<\/div>\n\t\t\t\t\t<\/div><div id=\"swmsc-item-entries\" class=\"swmsc_row swmsc_testimonials isotope swmsc_universal_grid_sort\" ><div class=\"swmsc_column swmsc_column1 swmsc_universal_grid swmsc_testimonials_block\">\n\t\t\t\t\t\t\t<div class=\"swmsc_column_gap\">\n\n\t\t\t\t\t\t\t\t<div class=\"swmsc_testimonials_box\">\n\t\t\t\t\t\t\t\t\t<div class=\"swmsc_testimonials_top\"><div class=\"swmsc_testimonials_title\">\n\t\t\t\t\t\t\t\t\t\t\t<h5 style=\"color:#8374cf; \">Vorbildfunktion<\/h5><\/div><span class=\"swmsc_testimonials_quote\" style=\"color:#8374cf; \"><i class=\"fa fa-quote-left\"><\/i><\/span><div class=\"clear\"><\/div>\n\t\t\t\t\t \t\t\t\t<\/div>\n\t\t\t\t\t \t\t\t\t<div class=\"swmsc_testimonials_bottom\" style=\"background:#8374cf;color:#ffffff; \">\n\t\t\t\t\t \t\t\t\t\t<span class=\"swmsc_testimonials_arrow\" style=\"color:#8374cf; \"><i class=\"fa fa-sort-asc\"><\/i><\/span>\n\t\t\t\t\t \t\t\t\t\t<p><!-- wp:paragraph -->\n<p><strong>Eltern haben Vorbildfunktion und sind sich dessen<br>bewusst<\/strong><br>Eltern sein ist eine Herausforderung. Als Eltern sind Sie Vorbild und tragen eine wesentliche Verantwortung f\u00fcr die Entwicklung Ihres Kindes. Vergessen Sie nicht, dass Ihr Kind noch andere Einfl\u00fcsse erlebt \u2013 die Schule, die Kameraden, die Gesellschaft, die Geschwister, und zudem seinen eigenen Charakter und sein Recht auf Individualit\u00e4t hat. In Ihrer Rolle als Vorbild k\u00f6nnen Sie Ihr Kind in seiner Entwicklung unterst\u00fctzen:  <br><\/p>\n<!-- \/wp:paragraph -->\n\n<!-- wp:paragraph -->\n<p><strong>Erziehung bedeutet unter anderem:<\/strong><\/p>\n<!-- \/wp:paragraph -->\n\n<!-- wp:list -->\n<ul><li>Liebe schenken<\/li><li>Streiten d\u00fcrfen<\/li><li>Zuh\u00f6ren k\u00f6nnen<\/li><li>Grenzen setzten<\/li><li>Freiraum geben<\/li><li>Gef\u00fchle zeigen<\/li><li>Zeit haben<\/li><li>Mut machen<\/li><\/ul>\n<!-- \/wp:list -->\n\n<!-- wp:paragraph -->\n<p><\/p>\n<!-- \/wp:paragraph --><\/p>\n\t\t\t\t\t \t\t\t\t\t<div class=\"clear\"><\/div>\n\t\t\t\t\t \t\t\t\t<\/div>\n\t\t\t\t\t \t\t\t\t<div class=\"clear\"><\/div>\n\t\t\t\t\t \t\t\t<\/div>\n\n\t\t\t\t\t \t\t\t<div class=\"clear\"><\/div>\n\t\t\t\t\t \t\t<\/div>\n\t\t\t\t\t \t<\/div><\/div>\n\t\t\t\t\t\t\t<div class=\"clear\"><\/div>\n\t\t\t\t\t\t<\/div>\n\t\t\t\t\t<\/div>[\/vc_column][\/vc_row][vc_row][vc_column][\/vc_column][\/vc_row]\n","protected":false},"excerpt":{"rendered":"<p>[vc_row][vc_column width=&#8220;1\/3&#8243; css=&#8220;.vc_custom_1459420710997{padding: 0px !important;}&#8220;][\/vc_column][vc_column width=&#8220;1\/3&#8243;][\/vc_column][vc_column width=&#8220;1\/3&#8243;][\/vc_column][\/vc_row][vc_row css=&#8220;.vc_custom_1459692815437{padding-top: 20px !important;padding-bottom: 0px !important;}&#8220;][vc_column][\/vc_column][\/vc_row][vc_row css=&#8220;.vc_custom_1459692872087{padding-top: 90px !important;padding-right: 0px !important;padding-bottom: 50px !important;padding-left: 0px !important;}&#8220;][vc_column css=&#8220;.vc_custom_1459365406782{padding: 0px !important;background-color: #adcb69 !important;}&#8220;][\/vc_column][\/vc_row][vc_row][vc_column css=&#8220;.vc_custom_1459420710997{padding: 0px !important;}&#8220;][\/vc_column][\/vc_row][vc_row][vc_column][\/vc_column][\/vc_row]<\/p>\n","protected":false},"author":1,"featured_media":0,"parent":0,"menu_order":0,"comment_status":"closed","ping_status":"closed","template":"templates\/100-width.php","meta":{"_price":"","_stock":"","_tribe_ticket_header":"","_tribe_default_ticket_provider":"","_ticket_start_date":"","_ticket_end_date":"","_tribe_ticket_show_description":"","_tribe_ticket_show_not_going":false,"_tribe_ticket_use_global_stock":"","_tribe_ticket_global_stock_level":"","_global_stock_mode":"","_global_stock_cap":"","_tribe_rsvp_for_event":"","_tribe_ticket_going_count":"","_tribe_ticket_not_going_count":"","_tribe_tickets_list":"[]","_tribe_ticket_has_attendee_info_fields":false,"footnotes":"","_tec_slr_enabled":"","_tec_slr_layout":""},"class_list":["post-1005","page","type-page","status-publish","hentry"],"ticketed":false,"_links":{"self":[{"href":"https:\/\/www.elternrat-selzach.ch\/elternrat\/wp-json\/wp\/v2\/pages\/1005","targetHints":{"allow":["GET"]}}],"collection":[{"href":"https:\/\/www.elternrat-selzach.ch\/elternrat\/wp-json\/wp\/v2\/pages"}],"about":[{"href":"https:\/\/www.elternrat-selzach.ch\/elternrat\/wp-json\/wp\/v2\/types\/page"}],"author":[{"embeddable":true,"href":"https:\/\/www.elternrat-selzach.ch\/elternrat\/wp-json\/wp\/v2\/users\/1"}],"replies":[{"embeddable":true,"href":"https:\/\/www.elternrat-selzach.ch\/elternrat\/wp-json\/wp\/v2\/comments?post=1005"}],"version-history":[{"count":104,"href":"https:\/\/www.elternrat-selzach.ch\/elternrat\/wp-json\/wp\/v2\/pages\/1005\/revisions"}],"predecessor-version":[{"id":2670,"href":"https:\/\/www.elternrat-selzach.ch\/elternrat\/wp-json\/wp\/v2\/pages\/1005\/revisions\/2670"}],"wp:attachment":[{"href":"https:\/\/www.elternrat-selzach.ch\/elternrat\/wp-json\/wp\/v2\/media?parent=1005"}],"curies":[{"name":"wp","href":"https:\/\/api.w.org\/{rel}","templated":true}]}}