{"id":1028,"date":"2016-02-14T11:40:31","date_gmt":"2016-02-14T11:40:31","guid":{"rendered":"http:\/\/kidsworld.premiumthemes.in\/?page_id=1028"},"modified":"2020-01-13T15:58:06","modified_gmt":"2020-01-13T14:58:06","slug":"ueber-uns","status":"publish","type":"page","link":"https:\/\/www.elternrat-selzach.ch\/elternrat\/ueber-uns\/","title":{"rendered":"\u00dcber Uns"},"content":{"rendered":"[vc_row][vc_column]<div   >\n\t\t\t\t\t\t<div class=\"swmsc_container\">\n\t\t\t\t\t\t\t[vc_row_inner][vc_column_inner]<div  class=\"swmsc_fancy_heading swmsc_fancy_heading_center fh_icon_star\" style=\"margin-top:0;margin-bottom:60px;\">\n\t\t\t\t\t\t<div class=\"swmsc_fancy_heading_text\" style=\"font-size:30px;line-height:36px;\">\n\t\t\t\t\t\t\t<span style=\"color: #8373ce;\"><strong>Wer sind wir<br \/>\n<\/strong><\/span>\n\t\t\t\t\t\t\t<div class=\"swmsc_fancy_heading_border\">\n\t\t\t\t\t\t\t\t<span class=\"swmsc_fancy_heading_border1\" style=\"background:#f8b54d;\"><\/span>\n\t\t\t\t\t\t\t\t<span class=\"swmsc_fancy_heading_border2\" style=\"background:#f8b54d;\"><\/span>\n\t\t\t\t\t\t\t\t<span class=\"swmsc_fancy_heading_icon\"><i class=\"fa fa-star\"  style=\"color:#8373ce;\"><\/i><\/span>\n\t\t\t\t\t\t\t<\/div>\n\t\t\t\t\t\t<\/div>\n\t\t\t\t\t<\/div>[\/vc_column_inner][\/vc_row_inner][vc_row_inner][vc_column_inner width=&#8220;1\/2&#8243; css=&#8220;.vc_custom_1459694804581{padding-bottom: 30px !important;}&#8220;]<div  class=\"swmsc_slider_box\" >\n\t\t\t\t\t\t<div class=\"swmsc_image_slider flexslider\" data-slideAnimation=\"fade\" data-autoSlide=\"true\" data-autoSlideInterval=\"5000\" data-bulletNavigation=\"true\" data-arrowNavigation=\"true\" >\n\t\t\t\t\t\t\t<ul class=\"slides\">\n\t\t\t\t\t\t\t\t<li><a href=\"#\" target=\"_self\"><img decoding=\"async\" src=\"https:\/\/www.elternrat-selzach.ch\/elternrat\/wp-content\/uploads\/2018\/05\/ER-Logo-strichm\u00e4ndli-ig-gmacht-mit-farb-ohni-Kopie-1-e1525852485358.jpg\" alt=\"\" \/><\/a><\/li>\n\t\t\t\t\t\t\t<\/ul>\n\t\t\t\t\t\t<\/div>\n\t\t\t\t\t<\/div>[\/vc_column_inner][vc_column_inner width=&#8220;1\/2&#8243; css=&#8220;.vc_custom_1459694811068{padding-bottom: 30px !important;}&#8220;]<div  class=\"swmsc_text_block\" > <span class=\"fontstyle0\">Die Eltern jeder Klasse bestimmen zwei Delegierte (bei gemischten Schul-<br \/>\nresp. Kindergartenklassen pro Stufe je eine Delegierte \/ einen Delegierten).<br \/>\nUnter den Anwesenden ist pro Familie in einer Klasse eine Person w\u00e4hlbar.<br \/>\nDie Anwesenden haben pro Familie eine Stimme. Lehrpersonen, die an der<br \/>\nSchule angestellt sind und Schulbeh\u00f6rdenmitglieder k\u00f6nnen nicht gew\u00e4hlt<br \/>\nwerden.<br \/>\nDie Delegierten werden im Rahmen eines Klassen-Elternabends jeweils zu<br \/>\nBeginn des Schuljahres von der Elternschaft jeder Klasse gew\u00e4hlt. W\u00e4hlbar als<br \/>\nDelegierte sind die Erziehungsberechtigten der Sch\u00fclerinnen und Sch\u00fcler in<br \/>\nden jeweiligen Klassen.<\/span><\/div>[\/vc_column_inner][\/vc_row_inner][vc_row_inner][vc_column_inner]<div  class=\"swmsc_fancy_heading swmsc_fancy_heading_center fh_icon_heart\" style=\"margin-top:40px;margin-bottom:70px;\">\n\t\t\t\t\t\t<div class=\"swmsc_fancy_heading_text\" style=\"font-size:30px;line-height:36px;\">\n\t\t\t\t\t\t\t<span style=\"color: #8373ce;\"><strong>Delegierte<br \/>\n<\/strong><\/span>\n\t\t\t\t\t\t\t<div class=\"swmsc_fancy_heading_border\">\n\t\t\t\t\t\t\t\t<span class=\"swmsc_fancy_heading_border1\" style=\"background:#f8b54d;\"><\/span>\n\t\t\t\t\t\t\t\t<span class=\"swmsc_fancy_heading_border2\" style=\"background:#f8b54d;\"><\/span>\n\t\t\t\t\t\t\t\t<span class=\"swmsc_fancy_heading_icon\"><i class=\"fa fa-heart\"  style=\"color:#8373ce;\"><\/i><\/span>\n\t\t\t\t\t\t\t<\/div>\n\t\t\t\t\t\t<\/div>\n\t\t\t\t\t<\/div><div  class=\"swmsc_text_block\" > \n<table id=\"tablepress-10\" class=\"tablepress tablepress-id-10\">\n<thead>\n<tr class=\"row-1\">\n\t<th class=\"column-1\">Klasse<\/th><th class=\"column-2\">Name<\/th><th class=\"column-3\">Vorname<\/th>\n<\/tr>\n<\/thead>\n<tbody class=\"row-striping row-hover\">\n<tr class=\"row-2\">\n\t<td class=\"column-1\">KG Storchennest<\/td><td class=\"column-2\">Janashia Cvorak<\/td><td class=\"column-3\">Nina<\/td>\n<\/tr>\n<tr class=\"row-3\">\n\t<td class=\"column-1\">KG Storchennest<\/td><td class=\"column-2\">Lukas<\/td><td class=\"column-3\">Michael<\/td>\n<\/tr>\n<tr class=\"row-4\">\n\t<td class=\"column-1\">KG Storchennest<\/td><td class=\"column-2\">Kocher<\/td><td class=\"column-3\">Kevin<\/td>\n<\/tr>\n<tr class=\"row-5\">\n\t<td class=\"column-1\">KG Spatzennest<\/td><td class=\"column-2\">Stettler<\/td><td class=\"column-3\">Tanja<\/td>\n<\/tr>\n<tr class=\"row-6\">\n\t<td class=\"column-1\">KG Spatzennest<\/td><td class=\"column-2\">Allemann<\/td><td class=\"column-3\">Michael<\/td>\n<\/tr>\n<tr class=\"row-7\">\n\t<td class=\"column-1\">KG Spatzennest<\/td><td class=\"column-2\">Burkhardt<\/td><td class=\"column-3\">Nora<\/td>\n<\/tr>\n<tr class=\"row-8\">\n\t<td class=\"column-1\">KG Fuchsbau<\/td><td class=\"column-2\">Crimella<\/td><td class=\"column-3\">Fabian<\/td>\n<\/tr>\n<tr class=\"row-9\">\n\t<td class=\"column-1\">KG Fuchsbau<\/td><td class=\"column-2\">Aftekhari<\/td><td class=\"column-3\">Aeen<\/td>\n<\/tr>\n<tr class=\"row-10\">\n\t<td class=\"column-1\">KG Fuchsbau<\/td><td class=\"column-2\">G\u00e4mperle<\/td><td class=\"column-3\">Denise<\/td>\n<\/tr>\n<tr class=\"row-11\">\n\t<td class=\"column-1\">KG Biberbau<\/td><td class=\"column-2\"><\/td><td class=\"column-3\"><\/td>\n<\/tr>\n<tr class=\"row-12\">\n\t<td class=\"column-1\">KG Biberbau<\/td><td class=\"column-2\"><\/td><td class=\"column-3\"><\/td>\n<\/tr>\n<tr class=\"row-13\">\n\t<td class=\"column-1\">Klasse 1a<\/td><td class=\"column-2\">Kupferschmid<\/td><td class=\"column-3\">Joel<\/td>\n<\/tr>\n<tr class=\"row-14\">\n\t<td class=\"column-1\">Klasse 1a<\/td><td class=\"column-2\"><\/td><td class=\"column-3\"><\/td>\n<\/tr>\n<tr class=\"row-15\">\n\t<td class=\"column-1\">Klasse 1b<\/td><td class=\"column-2\">Zyberi<\/td><td class=\"column-3\">Detar<\/td>\n<\/tr>\n<tr class=\"row-16\">\n\t<td class=\"column-1\">Klasse 1b<\/td><td class=\"column-2\">Schlup<\/td><td class=\"column-3\">Lea<\/td>\n<\/tr>\n<tr class=\"row-17\">\n\t<td class=\"column-1\">Klasse 2a<\/td><td class=\"column-2\">Kocher<\/td><td class=\"column-3\">Oliver<\/td>\n<\/tr>\n<tr class=\"row-18\">\n\t<td class=\"column-1\">Klasse 2a<\/td><td class=\"column-2\">Stadelmann<\/td><td class=\"column-3\">Christina<\/td>\n<\/tr>\n<tr class=\"row-19\">\n\t<td class=\"column-1\">Klasse 2b<\/td><td class=\"column-2\">Walker<\/td><td class=\"column-3\">Andreas<\/td>\n<\/tr>\n<tr class=\"row-20\">\n\t<td class=\"column-1\">Klasse 2b<\/td><td class=\"column-2\"><\/td><td class=\"column-3\"><\/td>\n<\/tr>\n<tr class=\"row-21\">\n\t<td class=\"column-1\">Klasse 3a<\/td><td class=\"column-2\">Perez<\/td><td class=\"column-3\">Mjriam<\/td>\n<\/tr>\n<tr class=\"row-22\">\n\t<td class=\"column-1\">Klasse 3a<\/td><td class=\"column-2\"><\/td><td class=\"column-3\"><\/td>\n<\/tr>\n<tr class=\"row-23\">\n\t<td class=\"column-1\">Klasse 3b<\/td><td class=\"column-2\">Boutellier<\/td><td class=\"column-3\">Barbara<\/td>\n<\/tr>\n<tr class=\"row-24\">\n\t<td class=\"column-1\">Klasse 3b<\/td><td class=\"column-2\">Rusterholz<\/td><td class=\"column-3\">Sandro<\/td>\n<\/tr>\n<tr class=\"row-25\">\n\t<td class=\"column-1\">Klasse 4a<\/td><td class=\"column-2\">Friso<\/td><td class=\"column-3\">Sandra<\/td>\n<\/tr>\n<tr class=\"row-26\">\n\t<td class=\"column-1\">Klasse 4a<\/td><td class=\"column-2\"><\/td><td class=\"column-3\"><\/td>\n<\/tr>\n<tr class=\"row-27\">\n\t<td class=\"column-1\">Klasse 4b<\/td><td class=\"column-2\">Begni<\/td><td class=\"column-3\">Mona<\/td>\n<\/tr>\n<tr class=\"row-28\">\n\t<td class=\"column-1\">Klasse 4b<\/td><td class=\"column-2\">Hadorn<\/td><td class=\"column-3\">Susanne<\/td>\n<\/tr>\n<tr class=\"row-29\">\n\t<td class=\"column-1\">Klasse 5a<\/td><td class=\"column-2\">Schaad<\/td><td class=\"column-3\">Melanie<\/td>\n<\/tr>\n<tr class=\"row-30\">\n\t<td class=\"column-1\">Klasse 5a<\/td><td class=\"column-2\"><\/td><td class=\"column-3\"><\/td>\n<\/tr>\n<tr class=\"row-31\">\n\t<td class=\"column-1\">Klasse 5b<\/td><td class=\"column-2\">Canzoniere Orlandi<\/td><td class=\"column-3\">Tiziana<\/td>\n<\/tr>\n<tr class=\"row-32\">\n\t<td class=\"column-1\">Klasse 5b<\/td><td class=\"column-2\">Kauert<\/td><td class=\"column-3\">Christina<\/td>\n<\/tr>\n<tr class=\"row-33\">\n\t<td class=\"column-1\">Klasse 6a<\/td><td class=\"column-2\">Meister<\/td><td class=\"column-3\">Eva<\/td>\n<\/tr>\n<tr class=\"row-34\">\n\t<td class=\"column-1\">Klasse 6a<\/td><td class=\"column-2\">Korte<\/td><td class=\"column-3\">Silke<\/td>\n<\/tr>\n<tr class=\"row-35\">\n\t<td class=\"column-1\">Klasse 6b<\/td><td class=\"column-2\">Bl\u00fcchel<\/td><td class=\"column-3\">Annika<\/td>\n<\/tr>\n<tr class=\"row-36\">\n\t<td class=\"column-1\">Klasse 6b<\/td><td class=\"column-2\">Maurer Rodrigues<\/td><td class=\"column-3\">Ana Catarina<\/td>\n<\/tr>\n<\/tbody>\n<\/table>\n<!-- #tablepress-10 from cache --><\/div><div  class=\"swmsc_fancy_heading swmsc_fancy_heading_center fh_icon_heart\" style=\"margin-top:40px;margin-bottom:70px;\">\n\t\t\t\t\t\t<div class=\"swmsc_fancy_heading_text\" style=\"font-size:30px;line-height:36px;\">\n\t\t\t\t\t\t\t<span style=\"color: #8373ce;\"><strong>Was machen wir<br \/>\n<\/strong><\/span>\n\t\t\t\t\t\t\t<div class=\"swmsc_fancy_heading_border\">\n\t\t\t\t\t\t\t\t<span class=\"swmsc_fancy_heading_border1\" style=\"background:#f8b54d;\"><\/span>\n\t\t\t\t\t\t\t\t<span class=\"swmsc_fancy_heading_border2\" style=\"background:#f8b54d;\"><\/span>\n\t\t\t\t\t\t\t\t<span class=\"swmsc_fancy_heading_icon\"><i class=\"fa fa-heart\"  style=\"color:#8373ce;\"><\/i><\/span>\n\t\t\t\t\t\t\t<\/div>\n\t\t\t\t\t\t<\/div>\n\t\t\t\t\t<\/div><div  class=\"swmsc_tabs tabs_vertical tab_align_left\" >\n\t\t\t\t\t\t\t<ul class=\"tab-nav tab-clearfix\"><li style=\"background:#adcb69;color:#ffffff;\" class=\"swmTabIcon\" ><a href=\"#swmsc-tab-1\" style=\"color:#ffffff\"><i class=\"fa fa-github\"><\/i>Projekte<\/a><span style=\"color:#adcb69\"><i class=\"fa fa-caret-down\"><\/i><\/span><\/li><li style=\"background:#ec4f74;color:#ffffff;\" class=\"swmTabIcon\" ><a href=\"#swmsc-tab-2\" style=\"color:#ffffff\"><i class=\"fa fa-cubes\"><\/i>Anl\u00e4sse<\/a><span style=\"color:#ec4f74\"><i class=\"fa fa-caret-down\"><\/i><\/span><\/li><li style=\"background:#5bc89f;color:#ffffff;\" class=\"swmTabIcon\" ><a href=\"#swmsc-tab-3\" style=\"color:#ffffff\"><i class=\"fa fa-sun-o\"><\/i>Ferienpass<\/a><span style=\"color:#5bc89f\"><i class=\"fa fa-caret-down\"><\/i><\/span><\/li><li style=\"background:#1cc6df;color:#ffffff;\" class=\"swmTabIcon\" ><a href=\"#swmsc-tab-4\" style=\"color:#ffffff\"><i class=\"fa fa-child\"><\/i>Community<\/a><span style=\"color:#1cc6df\"><i class=\"fa fa-caret-down\"><\/i><\/span><\/li><\/ul>\n\t\t\t\t\t\t\t<div id=\"swmsc-tab-1\" class=\"swmsc_tab\"><div  class=\"swmsc_image_lightbox  image_left\" >\n\n\t\t\t\t\t\t<div class=\"swmsc_image_lightbox_img\"><img decoding=\"async\" alt=\"\" src=\"https:\/\/elternrat-selzach.ch\/elternrat\/wp-content\/uploads\/2019\/01\/Kiste.jpg\" class=\"\" style=\"border-radius:0;\" \/><\/div><\/div>\n<h4><span style=\"color: #adcb69;\">Projekte<\/span><\/h4>\n<p>Dank den Kreativen Inputs der Delegierten, k\u00f6nnen wir als Elternrat Selzach immer wieder tolle Projekte durchf\u00fchren.<br \/>\nHier findest du einen \u00dcberblick \u00fcber die diversen Projekte:<\/p>\n<p><a href=\"https:\/\/elternrat-selzach.ch\/elternrat\/projekte\/\"><span style=\"color: #adcb69;\">Mehr erfahren<\/span><\/a><div class=\"clear\"><\/div><\/div><div id=\"swmsc-tab-2\" class=\"swmsc_tab\"><div  class=\"swmsc_image_lightbox  image_left\" >\n\n\t\t\t\t\t\t<div class=\"swmsc_image_lightbox_img\"><img decoding=\"async\" alt=\"\" src=\"https:\/\/elternrat-selzach.ch\/elternrat\/wp-content\/uploads\/2019\/01\/Anlass.jpg\" class=\"\" style=\"border-radius:0;\" \/><\/div><\/div>\n<h4><span style=\"color: #ec4f74;\">Anl\u00e4sse<\/span><\/h4>\n<p>Der Elternrat Selzach ist an diversen Schulanl\u00e4ssen mit dabei. Wir d\u00fcrfen jeweils etwas zu essen und tringen, f\u00fcr Klein und Gross, anbieten.<\/p>\n<p>Auch an der Fasnacht ist der Elternrat mit den Kindern dabei.<\/p>\n<p><a style=\"color: #ec4f74;\" href=\"https:\/\/elternrat-selzach.ch\/elternrat\/events\/\">Zu den Anl\u00e4ssen<\/a><div class=\"clear\"><\/div><\/div><div id=\"swmsc-tab-3\" class=\"swmsc_tab\"><div  class=\"swmsc_image_lightbox  image_left\" >\n\n\t\t\t\t\t\t<div class=\"swmsc_image_lightbox_img\"><img decoding=\"async\" alt=\"\" src=\"https:\/\/elternrat-selzach.ch\/elternrat\/wp-content\/uploads\/2019\/01\/shapeimage_2.png\" class=\"\" style=\"border-radius:0;\" \/><\/div><\/div>\n<h4><span style=\"color: #5bc89f;\">Ferienpass<\/span><\/h4>\n<p>Der Ferienpass Selzach wird durch den Elternrat und die Projektgruppe Ferienpass organisiert. Die Projektgruppe stellt jedes Jahr ein tolles Programm f\u00fcr die Kinder zusammen.<\/p>\n<p><a href=\"http:\/\/www.ferienpass-selzach.ch\" target=\"_blank\" rel=\"noopener noreferrer\"><span style=\"color: #5bc89f;\">Ferienpass Selzach<\/span><\/a><div class=\"clear\"><\/div><\/div><div id=\"swmsc-tab-4\" class=\"swmsc_tab\"><div  class=\"swmsc_image_lightbox  image_left\" >\n\n\t\t\t\t\t\t<div class=\"swmsc_image_lightbox_img\"><img decoding=\"async\" alt=\"\" src=\"https:\/\/elternrat-selzach.ch\/elternrat\/wp-content\/uploads\/2019\/01\/Community.jpg\" class=\"\" style=\"border-radius:0;\" \/><\/div><\/div>\n<h4><span style=\"color: #1cc6df;\">Community<\/span><\/h4>\n<p>Der Elternrat organisiert mehrmals j\u00e4hrlich Anl\u00e4sse, an welchen die Delegierten teilnehmen k\u00f6nnen. Damit wollen wir den Austausch zwischen den Delegierten und die Gemeinschaft f\u00f6rdern.<div class=\"clear\"><\/div><\/div>\n\t\t   \t\t\t\t<\/div><div class=\"clear\"><\/div><div  class=\"clear swmsc_gap\" style=\"margin:100px 0 0 0;\"><\/div>[\/vc_column_inner][\/vc_row_inner]\n\t\t\t\t\t\t\t<div class=\"clear\"><\/div>\n\t\t\t\t\t\t<\/div>\n\t\t\t\t\t<\/div>[\/vc_column][\/vc_row][vc_row][vc_column css=&#8220;.vc_custom_1459665604137{padding: 0px !important;}&#8220;]<div  class=\"swmsc_full_width_section\" style=\" background-color:#197d7a;background-image:url(https:\/\/www.elternrat-selzach.ch\/elternrat\/wp-content\/uploads\/2016\/02\/sample-school-sketch-elements-4.png); background-position:center top; background-repeat: repeat; background-attachment: scroll; background-size: auto;  padding-top:40px; padding-bottom:40px; margin-top:0px; margin-bottom:0px; color:#ffffff; \">\n\t\t\t\t\t\t<div class=\"swmsc_container\">\n\t\t\t\t\t\t\t[vc_row_inner][vc_column_inner]<div  class=\"swmsc_fancy_heading swmsc_fancy_heading_center fh_icon_fancyHeadingNoIcon\" style=\"margin-top:40px;margin-bottom:70px;\">\n\t\t\t\t\t\t<div class=\"swmsc_fancy_heading_text\" style=\"font-size:30px;line-height:36px;\">\n\t\t\t\t\t\t\t<span style=\"color: #ffffff;\"><strong>Erfahrungen<\/strong><\/span>\n\t\t\t\t\t\t\t<div class=\"swmsc_fancy_heading_border\">\n\t\t\t\t\t\t\t\t<span class=\"swmsc_fancy_heading_border1\" style=\"background:#f8b54d;\"><\/span>\n\t\t\t\t\t\t\t\t<span class=\"swmsc_fancy_heading_border2\" style=\"background:#f8b54d;\"><\/span>\n\t\t\t\t\t\t\t\t<span class=\"swmsc_fancy_heading_icon\"><i class=\"fa fa-fancyHeadingNoIcon\"  style=\"color:#8373ce;\"><\/i><\/span>\n\t\t\t\t\t\t\t<\/div>\n\t\t\t\t\t\t<\/div>\n\t\t\t\t\t<\/div><div id=\"swmsc-item-entries\" class=\"swmsc_row swmsc_testimonials isotope swmsc_universal_grid_sort\" ><div class=\"swmsc_column swmsc_column2 swmsc_universal_grid swmsc_testimonials_block\">\n\t\t\t\t\t\t\t<div class=\"swmsc_column_gap\">\n\n\t\t\t\t\t\t\t\t<div class=\"swmsc_testimonials_box\">\n\t\t\t\t\t\t\t\t\t<div class=\"swmsc_testimonials_top\"><img loading=\"lazy\" decoding=\"async\" width=\"75\" height=\"75\" src=\"https:\/\/www.elternrat-selzach.ch\/elternrat\/wp-content\/uploads\/2019\/01\/BST5278-1-75x75.jpg\" class=\"attachment-swmsc-recent-post-tiny size-swmsc-recent-post-tiny wp-post-image\" alt=\"\" srcset=\"https:\/\/www.elternrat-selzach.ch\/elternrat\/wp-content\/uploads\/2019\/01\/BST5278-1-75x75.jpg 75w, https:\/\/www.elternrat-selzach.ch\/elternrat\/wp-content\/uploads\/2019\/01\/BST5278-1-100x100.jpg 100w\" sizes=\"auto, (max-width: 75px) 100vw, 75px\" \/><div class=\"swmsc_testimonials_title\">\n\t\t\t\t\t\t\t\t\t\t\t<h5 style=\"color:#8374cf; \">Maria-Rosa Amodio<\/h5><\/div><span class=\"swmsc_testimonials_quote\" style=\"color:#8374cf; \"><i class=\"fa fa-quote-left\"><\/i><\/span><div class=\"clear\"><\/div>\n\t\t\t\t\t \t\t\t\t<\/div>\n\t\t\t\t\t \t\t\t\t<div class=\"swmsc_testimonials_bottom\" style=\"background:#8374cf;color:#ffffff; \">\n\t\t\t\t\t \t\t\t\t\t<span class=\"swmsc_testimonials_arrow\" style=\"color:#8374cf; \"><i class=\"fa fa-sort-asc\"><\/i><\/span>\n\t\t\t\t\t \t\t\t\t\t<p>Der Elternrat ist ein super Team. Wir unterst\u00fctzen die Schule sowie die Kinder in diversen Projekten und Anl\u00e4sse.\r\nDas Kennenlernen so vieler unterschiedlicher Eltern ist immer eine neue Bereicherung.\r\nAuch der Austausch an Anl\u00e4ssen bringt immer neuen Gespr\u00e4chsstoff und Ideen mit sich.<\/p>\n\t\t\t\t\t \t\t\t\t\t<div class=\"clear\"><\/div>\n\t\t\t\t\t \t\t\t\t<\/div>\n\t\t\t\t\t \t\t\t\t<div class=\"clear\"><\/div>\n\t\t\t\t\t \t\t\t<\/div>\n\n\t\t\t\t\t \t\t\t<div class=\"clear\"><\/div>\n\t\t\t\t\t \t\t<\/div>\n\t\t\t\t\t \t<\/div><div class=\"swmsc_column swmsc_column2 swmsc_universal_grid swmsc_testimonials_block\">\n\t\t\t\t\t\t\t<div class=\"swmsc_column_gap\">\n\n\t\t\t\t\t\t\t\t<div class=\"swmsc_testimonials_box\">\n\t\t\t\t\t\t\t\t\t<div class=\"swmsc_testimonials_top\"><img loading=\"lazy\" decoding=\"async\" width=\"75\" height=\"75\" src=\"https:\/\/www.elternrat-selzach.ch\/elternrat\/wp-content\/uploads\/2016\/01\/klein-75x75.jpg\" class=\"attachment-swmsc-recent-post-tiny size-swmsc-recent-post-tiny wp-post-image\" alt=\"\" srcset=\"https:\/\/www.elternrat-selzach.ch\/elternrat\/wp-content\/uploads\/2016\/01\/klein-75x75.jpg 75w, https:\/\/www.elternrat-selzach.ch\/elternrat\/wp-content\/uploads\/2016\/01\/klein-150x150.jpg 150w, https:\/\/www.elternrat-selzach.ch\/elternrat\/wp-content\/uploads\/2016\/01\/klein-100x100.jpg 100w\" sizes=\"auto, (max-width: 75px) 100vw, 75px\" \/><div class=\"swmsc_testimonials_title\">\n\t\t\t\t\t\t\t\t\t\t\t<h5 style=\"color:#73c293; \">Markus Junker<\/h5><span>Lionel's Vater<\/span><\/div><span class=\"swmsc_testimonials_quote\" style=\"color:#73c293; \"><i class=\"fa fa-quote-left\"><\/i><\/span><div class=\"clear\"><\/div>\n\t\t\t\t\t \t\t\t\t<\/div>\n\t\t\t\t\t \t\t\t\t<div class=\"swmsc_testimonials_bottom\" style=\"background:#73c293;color:#ffffff; \">\n\t\t\t\t\t \t\t\t\t\t<span class=\"swmsc_testimonials_arrow\" style=\"color:#73c293; \"><i class=\"fa fa-sort-asc\"><\/i><\/span>\n\t\t\t\t\t \t\t\t\t\t<p>Ich finde den Elternrat eine Gute Sache. Mann kann nicht nur die Schule unterst\u00fctzen und den Kindern durch verschiedene Projekte eine Freude bereiten, sondern lernt auch noch Eltern von anderen Kindern kennen. Durch mehrmalige Anl\u00e4sse \u00fcbers Jahr verteilt, wird die Community zwischen den Eltern gepflegt.<\/p>\n\t\t\t\t\t \t\t\t\t\t<div class=\"clear\"><\/div>\n\t\t\t\t\t \t\t\t\t<\/div>\n\t\t\t\t\t \t\t\t\t<div class=\"clear\"><\/div>\n\t\t\t\t\t \t\t\t<\/div>\n\n\t\t\t\t\t \t\t\t<div class=\"clear\"><\/div>\n\t\t\t\t\t \t\t<\/div>\n\t\t\t\t\t \t<\/div><\/div>[\/vc_column_inner][\/vc_row_inner]\n\t\t\t\t\t\t\t<div class=\"clear\"><\/div>\n\t\t\t\t\t\t<\/div>\n\t\t\t\t\t<\/div>[\/vc_column][\/vc_row][vc_row css=&#8220;.vc_custom_1459665581274{padding: 0px !important;}&#8220;][vc_column css=&#8220;.vc_custom_1459665604137{padding: 0px !important;}&#8220;]<div  class=\"swmsc_full_width_section\" style=\" background-color:#d07dd2;background-image:url(https:\/\/www.elternrat-selzach.ch\/elternrat\/wp-content\/uploads\/2016\/02\/sample-school-sketch-elements-4.png); background-position:center top; background-repeat: repeat; background-attachment: scroll; background-size: auto;  padding-top:20px; padding-bottom:20px; margin-top:0px; margin-bottom:0px; color:#ffffff; \">\n\t\t\t\t\t\t<div class=\"swmsc_container\">\n\t\t\t\t\t\t\t[vc_row_inner][vc_column_inner]<div  class=\"swmsc_promotion_box p_border p_box_default\" style=\"background:;\">\n\t\t\t\t\t\t<div class=\"swmsc_promotion_box_text \">\n\t\t\t\t\t\t\t<div class=\"swmsc_promotion_box_title_text\" style=\"  font-size:30px; color:#ffffff;\">Leiste auch du einen Beitrag zum Wohle unserer Kinder!<div class=\"swmsc_promotion_box_sub_title\" style=\"color:#ffffff; font-size:16px;\">Nimm noch heute mit uns kontakt auf<\/div>\n\t\t\t\t\t\t\t<\/div>\n\t\t\t\t\t\t<\/div><div class=\"swmsc_promotion_box_button\">\n\t\t\t\t\t\t\t\t\t\t\t<a style=\"background:#fcb54d;color:#ffffff;\" href=\"https:\/\/elternrat-selzach.ch\/elternrat\/contact-us\/\" class=\"swmsc_button large square skin_color\" target=\"_self\">KONTAKT!<\/a>\n\t\t\t\t\t\t\t\t\t\t<\/div><div class=\"clear\"><\/div>\n\t\t\t\t\t<\/div>[\/vc_column_inner][\/vc_row_inner]\n\t\t\t\t\t\t\t<div class=\"clear\"><\/div>\n\t\t\t\t\t\t<\/div>\n\t\t\t\t\t<\/div>[\/vc_column][\/vc_row]\n","protected":false},"excerpt":{"rendered":"<p>[vc_row][vc_column][\/vc_column][\/vc_row][vc_row][vc_column css=&#8220;.vc_custom_1459665604137{padding: 0px !important;}&#8220;][\/vc_column][\/vc_row][vc_row css=&#8220;.vc_custom_1459665581274{padding: 0px !important;}&#8220;][vc_column css=&#8220;.vc_custom_1459665604137{padding: 0px !important;}&#8220;][\/vc_column][\/vc_row]<\/p>\n","protected":false},"author":1,"featured_media":0,"parent":0,"menu_order":0,"comment_status":"closed","ping_status":"closed","template":"templates\/100-width.php","meta":{"_price":"","_stock":"","_tribe_ticket_header":"","_tribe_default_ticket_provider":"","_ticket_start_date":"","_ticket_end_date":"","_tribe_ticket_show_description":"","_tribe_ticket_show_not_going":false,"_tribe_ticket_use_global_stock":"","_tribe_ticket_global_stock_level":"","_global_stock_mode":"","_global_stock_cap":"","_tribe_rsvp_for_event":"","_tribe_ticket_going_count":"","_tribe_ticket_not_going_count":"","_tribe_tickets_list":"[]","_tribe_ticket_has_attendee_info_fields":false,"footnotes":"","_tec_slr_enabled":"","_tec_slr_layout":""},"class_list":["post-1028","page","type-page","status-publish","hentry"],"ticketed":false,"_links":{"self":[{"href":"https:\/\/www.elternrat-selzach.ch\/elternrat\/wp-json\/wp\/v2\/pages\/1028","targetHints":{"allow":["GET"]}}],"collection":[{"href":"https:\/\/www.elternrat-selzach.ch\/elternrat\/wp-json\/wp\/v2\/pages"}],"about":[{"href":"https:\/\/www.elternrat-selzach.ch\/elternrat\/wp-json\/wp\/v2\/types\/page"}],"author":[{"embeddable":true,"href":"https:\/\/www.elternrat-selzach.ch\/elternrat\/wp-json\/wp\/v2\/users\/1"}],"replies":[{"embeddable":true,"href":"https:\/\/www.elternrat-selzach.ch\/elternrat\/wp-json\/wp\/v2\/comments?post=1028"}],"version-history":[{"count":30,"href":"https:\/\/www.elternrat-selzach.ch\/elternrat\/wp-json\/wp\/v2\/pages\/1028\/revisions"}],"predecessor-version":[{"id":2243,"href":"https:\/\/www.elternrat-selzach.ch\/elternrat\/wp-json\/wp\/v2\/pages\/1028\/revisions\/2243"}],"wp:attachment":[{"href":"https:\/\/www.elternrat-selzach.ch\/elternrat\/wp-json\/wp\/v2\/media?parent=1028"}],"curies":[{"name":"wp","href":"https:\/\/api.w.org\/{rel}","templated":true}]}}