{"id":1592,"date":"2018-05-11T14:51:20","date_gmt":"2018-05-11T12:51:20","guid":{"rendered":"https:\/\/www.elternrat-selzach.ch\/elternrat\/?page_id=1592"},"modified":"2019-09-17T21:42:03","modified_gmt":"2019-09-17T19:42:03","slug":"informationen","status":"publish","type":"page","link":"https:\/\/www.elternrat-selzach.ch\/elternrat\/informationen\/","title":{"rendered":"Informationen"},"content":{"rendered":"[vc_row][vc_column][vc_column_text]Wir wollen euch m\u00f6glichst viele n\u00fctzlich Informationen rund um Kinder, Familien und Schule zur Verf\u00fcgung stellen. Dazu haben wir einige Seiten f\u00fcr dich, auf welchen du hoffentlich deine gesuchten Informationen findest.<\/p>\n<div  class=\"swmsc_fancy_heading swmsc_fancy_heading_center fh_icon_info-circle\" style=\"margin-top:40px;margin-bottom:40px;\">\n\t\t\t\t\t\t<div class=\"swmsc_fancy_heading_text\" style=\"font-size:26px;line-height:8px;\">\n\t\t\t\t\t\t\tInformationsseiten\n\t\t\t\t\t\t\t<div class=\"swmsc_fancy_heading_border\">\n\t\t\t\t\t\t\t\t<span class=\"swmsc_fancy_heading_border1\" style=\"background:#f8b54d;\"><\/span>\n\t\t\t\t\t\t\t\t<span class=\"swmsc_fancy_heading_border2\" style=\"background:#f8b54d;\"><\/span>\n\t\t\t\t\t\t\t\t<span class=\"swmsc_fancy_heading_icon\"><i class=\"fa fa-info-circle\"  style=\"color:#8373ce;\"><\/i><\/span>\n\t\t\t\t\t\t\t<\/div>\n\t\t\t\t\t\t<\/div>\n\t\t\t\t\t<\/div>\n<div class=\"swmsc_column swmsc_one_third first \">\u00a0 <\/div>\n<div class=\"swmsc_column swmsc_one_third  \">\n<div  class=\"swmsc_button_div\" ><a href=\"https:\/\/elternrat-selzach.ch\/elternrat\/nachhilfe\/\" class=\"swmsc_button \" style=\"background:#fcb54d; color:#FFFFFF; font-size:26px; ; border-radius:10px; padding:3px 110px; line-height:30px; text-shadow:0px 1px 0 #e69e35; \" target=\"_self\"> <i  class=\"fa fa-graduation-cap\" ><\/i>Nachhilfe <\/a><\/div>\n<div  class=\"swmsc_button_div\" ><a href=\"https:\/\/elternrat-selzach.ch\/elternrat\/hausaufgabenbetreuung\/\" class=\"swmsc_button \" style=\"background:#fcb54d; color:#FFFFFF; font-size:26px; ; border-radius:10px; padding:3px 37px; line-height:30px; text-shadow:0px 1px 0 #e69e35; \" target=\"_self\"> <i  class=\"fa fa-book\" ><\/i>Hausaufgabenbetreuung <\/a><\/div>\n<div  class=\"swmsc_button_div\" ><a href=\"https:\/\/elternrat-selzach.ch\/elternrat\/mittagstisch-selzach\/\" class=\"swmsc_button \" style=\"background:#fcb54d; color:#FFFFFF; font-size:26px; ; border-radius:10px; padding:3px 102px; line-height:30px; text-shadow:0px 1px 0 #e69e35; \" target=\"_self\"> <i  class=\"fa fa-cutlery\" ><\/i>Mittagstisch <\/a><\/div>\n<div  class=\"swmsc_button_div\" ><a href=\"https:\/\/elternrat-selzach.ch\/elternrat\/kinderhort-selzach\/\" class=\"swmsc_button \" style=\"background:#fcb54d; color:#FFFFFF; font-size:26px; ; border-radius:10px; padding:3px 142px; line-height:30px; text-shadow:0px 1px 0 #e69e35; \" target=\"_self\"> <i  class=\"fa fa-child\" ><\/i>Hort<\/a><\/div>\n<div  class=\"swmsc_button_div\" ><a href=\"https:\/\/www.belose.ch\/informationen\/ferienplan\/\" class=\"swmsc_button \" style=\"background:#fcb54d; color:#FFFFFF; font-size:26px; ; border-radius:10px; padding:3px 113px; line-height:30px; text-shadow:0px 1px 0 #e69e35; \" target=\"_self\"> <i  class=\"fa fa-plane\" ><\/i>Ferienplan <\/a><\/div>\n<div  class=\"swmsc_button_div\" ><a href=\"https:\/\/elternrat-selzach.ch\/elternrat\/downloads\/\" class=\"swmsc_button \" style=\"background:#fcb54d; color:#FFFFFF; font-size:26px; ; border-radius:10px; padding:3px 110px; line-height:30px; text-shadow:0px 1px 0 #e69e35; \" target=\"_self\"> <i  class=\"fa fa-download\" ><\/i>Downloads<\/a><\/div>\n<p>&nbsp;<\/p>\n<\/div>\n<div class=\"swmsc_column swmsc_one_third  \"> <\/div>[\/vc_column_text][\/vc_column][\/vc_row]\n","protected":false},"excerpt":{"rendered":"<p>[vc_row][vc_column][vc_column_text]Wir wollen euch m\u00f6glichst viele n\u00fctzlich Informationen rund um Kinder, Familien und Schule zur Verf\u00fcgung stellen. Dazu haben wir einige Seiten f\u00fcr dich, auf welchen du hoffentlich deine gesuchten Informationen findest. [\/vc_column_text][\/vc_column][\/vc_row]<\/p>\n","protected":false},"author":1,"featured_media":0,"parent":0,"menu_order":0,"comment_status":"closed","ping_status":"closed","template":"","meta":{"_price":"","_stock":"","_tribe_ticket_header":"","_tribe_default_ticket_provider":"","_ticket_start_date":"","_ticket_end_date":"","_tribe_ticket_show_description":"","_tribe_ticket_show_not_going":false,"_tribe_ticket_use_global_stock":"","_tribe_ticket_global_stock_level":"","_global_stock_mode":"","_global_stock_cap":"","_tribe_rsvp_for_event":"","_tribe_ticket_going_count":"","_tribe_ticket_not_going_count":"","_tribe_tickets_list":"[]","_tribe_ticket_has_attendee_info_fields":false,"footnotes":"","_tec_slr_enabled":"","_tec_slr_layout":""},"class_list":["post-1592","page","type-page","status-publish","hentry"],"ticketed":false,"_links":{"self":[{"href":"https:\/\/www.elternrat-selzach.ch\/elternrat\/wp-json\/wp\/v2\/pages\/1592","targetHints":{"allow":["GET"]}}],"collection":[{"href":"https:\/\/www.elternrat-selzach.ch\/elternrat\/wp-json\/wp\/v2\/pages"}],"about":[{"href":"https:\/\/www.elternrat-selzach.ch\/elternrat\/wp-json\/wp\/v2\/types\/page"}],"author":[{"embeddable":true,"href":"https:\/\/www.elternrat-selzach.ch\/elternrat\/wp-json\/wp\/v2\/users\/1"}],"replies":[{"embeddable":true,"href":"https:\/\/www.elternrat-selzach.ch\/elternrat\/wp-json\/wp\/v2\/comments?post=1592"}],"version-history":[{"count":44,"href":"https:\/\/www.elternrat-selzach.ch\/elternrat\/wp-json\/wp\/v2\/pages\/1592\/revisions"}],"predecessor-version":[{"id":2704,"href":"https:\/\/www.elternrat-selzach.ch\/elternrat\/wp-json\/wp\/v2\/pages\/1592\/revisions\/2704"}],"wp:attachment":[{"href":"https:\/\/www.elternrat-selzach.ch\/elternrat\/wp-json\/wp\/v2\/media?parent=1592"}],"curies":[{"name":"wp","href":"https:\/\/api.w.org\/{rel}","templated":true}]}}