{"id":1605,"date":"2018-05-11T15:51:38","date_gmt":"2018-05-11T13:51:38","guid":{"rendered":"https:\/\/www.elternrat-selzach.ch\/elternrat\/?page_id=1605"},"modified":"2019-01-24T14:06:10","modified_gmt":"2019-01-24T13:06:10","slug":"nachhilfe-geben","status":"publish","type":"page","link":"https:\/\/www.elternrat-selzach.ch\/elternrat\/nachhilfe-geben\/","title":{"rendered":"Nachhilfe geben"},"content":{"rendered":"[vc_row][vc_column][vc_column_text]Haben Sie Interesse, f\u00fcr Sch\u00fclerinnen und Sch\u00fcler Nachhilfe in einem oder mehreren F\u00e4chern zu geben? Oder kennen Sie jemanden, der daf\u00fcr geeignet w\u00e4re?<\/p>\n<p>Anbieter f\u00fcr Nachhilfe k\u00f6nnen grunds\u00e4tzlich Sch\u00fclerinnen und Sch\u00fcler aus der Sekundarstufe, Studenten, Eltern oder andere Interessierte sein, die Freude daran haben, ihr Wissen \u2013 in den Bereichen wie z.B. Mathematik, Deutsch, Englisch oder Franz\u00f6sisch \u2013 weiter zu geben.<\/p>\n<p>Das Vermittlungsprozedere sieht so aus, dass diejenigen, die Nachhilfe geben m\u00f6chten, ihre Angaben via Meldeformular (Download unten) an folgenden Mailadresse senden:<\/p>\n<p>F\u00fcr Selzach:\u00a0 <a href=\"mailto:praesidium@elternrat-selzach.ch\">praesidium@elternrat-selzach.ch<\/a><\/p>\n<p>Anschliessend werden sie auf der Seite des Elternrat Selzach und auf der BeLoSe Seite eingetragen. Diese Liste wird halbj\u00e4hrlich aktualisiert (Ende April \/ Ende Oktober) und auf der Homepage <a href=\"http:\/\/www.belose.ch\/\">www.belose.ch<\/a> unter <em>Beratungsstelle, Hilfe -&gt; Nachhilfepool -&gt; Adressliste Nachhilfepool<\/em> aufgeschaltet.<\/p>\n<p><strong><a  data-e-Disable-Page-Transition=\"true\" class=\"download-link\" title=\"\" href=\"https:\/\/www.elternrat-selzach.ch\/elternrat\/download\/1989\/?tmstv=1776599635\" rel=\"nofollow\" id=\"download-link-1989\" data-redirect=\"false\" >\n\tMeldeformular Nachhilfe geben<\/a>\n<\/strong><\/p>\n[\/vc_column_text][\/vc_column][\/vc_row]\n","protected":false},"excerpt":{"rendered":"<p>[vc_row][vc_column][vc_column_text]Haben Sie Interesse, f\u00fcr Sch\u00fclerinnen und Sch\u00fcler Nachhilfe in einem oder mehreren F\u00e4chern zu geben? Oder kennen Sie jemanden, der daf\u00fcr geeignet w\u00e4re? Anbieter f\u00fcr Nachhilfe k\u00f6nnen grunds\u00e4tzlich Sch\u00fclerinnen und Sch\u00fcler aus der Sekundarstufe, Studenten, Eltern oder andere Interessierte sein, die Freude daran haben, ihr Wissen \u2013 in den Bereichen [&hellip;]<\/p>\n","protected":false},"author":1,"featured_media":0,"parent":0,"menu_order":0,"comment_status":"closed","ping_status":"closed","template":"","meta":{"_price":"","_stock":"","_tribe_ticket_header":"","_tribe_default_ticket_provider":"","_ticket_start_date":"","_ticket_end_date":"","_tribe_ticket_show_description":"","_tribe_ticket_show_not_going":false,"_tribe_ticket_use_global_stock":"","_tribe_ticket_global_stock_level":"","_global_stock_mode":"","_global_stock_cap":"","_tribe_rsvp_for_event":"","_tribe_ticket_going_count":"","_tribe_ticket_not_going_count":"","_tribe_tickets_list":"[]","_tribe_ticket_has_attendee_info_fields":false,"footnotes":"","_tec_slr_enabled":"","_tec_slr_layout":""},"class_list":["post-1605","page","type-page","status-publish","hentry"],"ticketed":false,"_links":{"self":[{"href":"https:\/\/www.elternrat-selzach.ch\/elternrat\/wp-json\/wp\/v2\/pages\/1605","targetHints":{"allow":["GET"]}}],"collection":[{"href":"https:\/\/www.elternrat-selzach.ch\/elternrat\/wp-json\/wp\/v2\/pages"}],"about":[{"href":"https:\/\/www.elternrat-selzach.ch\/elternrat\/wp-json\/wp\/v2\/types\/page"}],"author":[{"embeddable":true,"href":"https:\/\/www.elternrat-selzach.ch\/elternrat\/wp-json\/wp\/v2\/users\/1"}],"replies":[{"embeddable":true,"href":"https:\/\/www.elternrat-selzach.ch\/elternrat\/wp-json\/wp\/v2\/comments?post=1605"}],"version-history":[{"count":9,"href":"https:\/\/www.elternrat-selzach.ch\/elternrat\/wp-json\/wp\/v2\/pages\/1605\/revisions"}],"predecessor-version":[{"id":2027,"href":"https:\/\/www.elternrat-selzach.ch\/elternrat\/wp-json\/wp\/v2\/pages\/1605\/revisions\/2027"}],"wp:attachment":[{"href":"https:\/\/www.elternrat-selzach.ch\/elternrat\/wp-json\/wp\/v2\/media?parent=1605"}],"curies":[{"name":"wp","href":"https:\/\/api.w.org\/{rel}","templated":true}]}}