{"id":1706,"date":"2018-05-20T14:17:54","date_gmt":"2018-05-20T12:17:54","guid":{"rendered":"https:\/\/www.elternrat-selzach.ch\/elternrat\/?page_id=1706"},"modified":"2019-01-17T11:29:59","modified_gmt":"2019-01-17T10:29:59","slug":"mitwirkung","status":"publish","type":"page","link":"https:\/\/www.elternrat-selzach.ch\/elternrat\/mitwirkung\/","title":{"rendered":"Mitwirkung"},"content":{"rendered":"[vc_row][vc_column]<div  class=\"swmsc_fancy_heading swmsc_fancy_heading_center fh_icon_fancyHeadingNoIcon\" style=\"margin-top:40px;margin-bottom:40px;\">\n\t\t\t\t\t\t<div class=\"swmsc_fancy_heading_text\" style=\"font-size:30px;line-height:36px;\">\n\t\t\t\t\t\t\t<span style=\"color: #ec4f74;\">Dein Beitrag f\u00fcr unsere Kinder<\/span>\n\t\t\t\t\t\t\t<div class=\"swmsc_fancy_heading_border\">\n\t\t\t\t\t\t\t\t<span class=\"swmsc_fancy_heading_border1\" style=\"background:#f8b54d;\"><\/span>\n\t\t\t\t\t\t\t\t<span class=\"swmsc_fancy_heading_border2\" style=\"background:#f8b54d;\"><\/span>\n\t\t\t\t\t\t\t\t<span class=\"swmsc_fancy_heading_icon\"><i class=\"fa fa-fancyHeadingNoIcon\"  style=\"color:#8373ce;\"><\/i><\/span>\n\t\t\t\t\t\t\t<\/div>\n\t\t\t\t\t\t<\/div>\n\t\t\t\t\t<\/div><div   >\n\t\t\t\t\t\t<div class=\"swmsc_container\">\n\t\t\t\t\t\t\t<div  class=\"swmsc_text_block\" > Damit der Elternrat auch weiterhin f\u00fcr die Kinder der Primarschule und Kinderg\u00e4rten Selzach aktiv sein kann, sind wird auf Ihre Unterst\u00fctzung und Mithilfe angewiesen. Sie als engagierte Eltern sind herzlich eingeladen, sich als Delegierte der Klasse Ihres Kindes w\u00e4hlen zu lassen oder aber auch nur bei Projekten zu helfen.<\/p>\n<p>Die Wahlen finden am Klassen-Elternabend zu Schuljahresbeginn statt. Vielleicht nutzen Sie die Zeit bis dahin und entscheiden sich im Elternrat mitzuarbeiten.<\/p>\n<p>F\u00fcr weitere Informationen stehen Ihnen die Mitglieder des Vorstandes gerne zur Verf\u00fcgung.<\/p>\n<p>Nutzen Sie unser Kontaktformular hier\u00a0 <div  class=\"swmsc_button_div\" ><a href=\"https:\/\/elternrat-selzach.ch\/elternrat\/contact-us\/\" class=\"swmsc_button \" style=\"background:#fcb54d; color:#FFFFFF; font-size:26px; ; border-radius:10px; padding:3px 20px; line-height:30px; text-shadow:0px 1px 0 #e69e35; \" target=\"_self\"> <i  class=\"fa fa-envelope-o\" ><\/i>Kontakt <\/a><\/div><\/div>\n\t\t\t\t\t\t\t<div class=\"clear\"><\/div>\n\t\t\t\t\t\t<\/div>\n\t\t\t\t\t<\/div>[\/vc_column][\/vc_row]\n","protected":false},"excerpt":{"rendered":"<p>[vc_row][vc_column][\/vc_column][\/vc_row]<\/p>\n","protected":false},"author":1,"featured_media":0,"parent":0,"menu_order":0,"comment_status":"closed","ping_status":"closed","template":"","meta":{"_price":"","_stock":"","_tribe_ticket_header":"","_tribe_default_ticket_provider":"","_ticket_start_date":"","_ticket_end_date":"","_tribe_ticket_show_description":"","_tribe_ticket_show_not_going":false,"_tribe_ticket_use_global_stock":"","_tribe_ticket_global_stock_level":"","_global_stock_mode":"","_global_stock_cap":"","_tribe_rsvp_for_event":"","_tribe_ticket_going_count":"","_tribe_ticket_not_going_count":"","_tribe_tickets_list":"[]","_tribe_ticket_has_attendee_info_fields":false,"footnotes":"","_tec_slr_enabled":"","_tec_slr_layout":""},"class_list":["post-1706","page","type-page","status-publish","hentry"],"ticketed":false,"_links":{"self":[{"href":"https:\/\/www.elternrat-selzach.ch\/elternrat\/wp-json\/wp\/v2\/pages\/1706","targetHints":{"allow":["GET"]}}],"collection":[{"href":"https:\/\/www.elternrat-selzach.ch\/elternrat\/wp-json\/wp\/v2\/pages"}],"about":[{"href":"https:\/\/www.elternrat-selzach.ch\/elternrat\/wp-json\/wp\/v2\/types\/page"}],"author":[{"embeddable":true,"href":"https:\/\/www.elternrat-selzach.ch\/elternrat\/wp-json\/wp\/v2\/users\/1"}],"replies":[{"embeddable":true,"href":"https:\/\/www.elternrat-selzach.ch\/elternrat\/wp-json\/wp\/v2\/comments?post=1706"}],"version-history":[{"count":6,"href":"https:\/\/www.elternrat-selzach.ch\/elternrat\/wp-json\/wp\/v2\/pages\/1706\/revisions"}],"predecessor-version":[{"id":1932,"href":"https:\/\/www.elternrat-selzach.ch\/elternrat\/wp-json\/wp\/v2\/pages\/1706\/revisions\/1932"}],"wp:attachment":[{"href":"https:\/\/www.elternrat-selzach.ch\/elternrat\/wp-json\/wp\/v2\/media?parent=1706"}],"curies":[{"name":"wp","href":"https:\/\/api.w.org\/{rel}","templated":true}]}}