{"id":1774,"date":"2019-01-09T13:51:45","date_gmt":"2019-01-09T12:51:45","guid":{"rendered":"https:\/\/www.elternrat-selzach.ch\/elternrat\/?page_id=1774"},"modified":"2022-09-09T11:01:35","modified_gmt":"2022-09-09T09:01:35","slug":"mittagstisch-selzach","status":"publish","type":"page","link":"https:\/\/www.elternrat-selzach.ch\/elternrat\/mittagstisch-selzach\/","title":{"rendered":"Mittagstisch Selzach"},"content":{"rendered":"<div class=\"swmsc_column swmsc_one_half first \">\n<p>Der Mittagstisch Selzach bietet Kindergartenkinder, Sch\u00fcler und Sch\u00fclerinnen ein gemeinsames, gesundes Mittagessen an. Die Kinder verbringen die Mittagszeit mit anderen Kindern zusammen und k\u00f6nnen Spielen, Ruhen, Lesen oder sich Bewegen.<\/p>\n<p><strong>Wann<\/strong><\/p>\n<p>W\u00e4hrend der Schulwochen findet der Mittagstisch am Montag, Dienstag, Donnerstag und Freitag, von 11.30 Uhr bis 13.30 Uhr statt.<\/p>\n<p>W\u00e4hrend der Schulferien ist der Mittagstisch in den Hortbetrieb integriert.<\/p>\n<p><strong>Wo<br \/>\n<\/strong>Der Mittagstisch befindet sich im ehemaligen Pfarrsaal, an der Dorfstrasse 33 in Selzach.<\/p>\n<p><strong>Tarife<\/strong><\/p>\n<p>Das Mittagessen inklusive Beteruung kostet:<\/p>\n<p>1. und 2. Kind\u00a0\u00a0\u00a0\u00a0\u00a0\u00a0\u00a0\u00a0\u00a0\u00a0\u00a0\u00a0\u00a0\u00a0\u00a0\u00a0\u00a0\u00a0\u00a0\u00a0\u00a0\u00a0\u00a0\u00a0\u00a0\u00a0\u00a0\u00a0\u00a0\u00a0\u00a0\u00a0\u00a0\u00a0\u00a0\u00a0\u00a0\u00a0\u00a0\u00a0\u00a0\u00a0 CHF 12.50<\/p>\n<p>3. Kind\u00a0\u00a0\u00a0\u00a0\u00a0\u00a0\u00a0\u00a0\u00a0\u00a0\u00a0\u00a0\u00a0\u00a0\u00a0\u00a0\u00a0\u00a0\u00a0\u00a0\u00a0\u00a0\u00a0\u00a0\u00a0\u00a0\u00a0\u00a0\u00a0\u00a0\u00a0\u00a0\u00a0\u00a0\u00a0\u00a0\u00a0\u00a0\u00a0\u00a0\u00a0\u00a0\u00a0\u00a0\u00a0\u00a0\u00a0\u00a0\u00a0\u00a0\u00a0\u00a0\u00a0 CHF 10.50<\/p>\n<p>ab 4. Kind\u00a0\u00a0\u00a0\u00a0\u00a0\u00a0\u00a0\u00a0\u00a0\u00a0\u00a0\u00a0\u00a0\u00a0\u00a0\u00a0\u00a0\u00a0\u00a0\u00a0\u00a0\u00a0\u00a0\u00a0\u00a0\u00a0\u00a0\u00a0\u00a0\u00a0\u00a0\u00a0\u00a0\u00a0\u00a0\u00a0\u00a0\u00a0\u00a0\u00a0\u00a0\u00a0\u00a0\u00a0\u00a0\u00a0\u00a0\u00a0 CHF 8.50<\/p>\n<p>f\u00fcr auswertige Kinder \u00a0 \u00a0 \u00a0 \u00a0 \u00a0 \u00a0 \u00a0 \u00a0 \u00a0 \u00a0 \u00a0 \u00a0\u00a0 CHF 14.50<\/p>\n<p><strong>Anmeldung<\/strong><\/p>\n<p>F\u00fcr jedes Kind ist ein vollst\u00e4ndig ausgef\u00fclltes und unterschriebenes Anmeldeformular abzugeben.<\/p>\n<p><strong>Kontakt<\/strong><\/p>\n<p>Einwohnergemeinde Selzach<br \/>\nMittagstisch Selzach<br \/>\nJda Zimmerli<br \/>\nDorfstrasse 33<br \/>\n2545 Selzach<br \/>\nTel. 032 641 02 41<br \/>\nE-Mail: <a title=\"kinderbetreuung@selzach.ch\" href=\"mailto:j.zimmerli@selzach.ch\"><span style=\"color: #99cc00;\">kinderbetreuung<\/span><\/a><\/p>\n<\/div>\n<div class=\"swmsc_column swmsc_one_half  \">\n<p><strong>Formulare<\/strong><\/p>\n<p><span style=\"color: #99cc00;\"><a style=\"color: #99cc00;\" href=\"https:\/\/www.elternrat-selzach.ch\/elternrat\/wp-content\/uploads\/2022\/09\/Anmeldung-Mittagstisch-2022-2023.pdf\" target=\"_blank\" rel=\"noopener\">Anmeldung Mittagstisch<\/a><\/span><\/p>\n<p><a href=\"https:\/\/www.elternrat-selzach.ch\/elternrat\/wp-content\/uploads\/2022\/09\/Betriebskonzept_Mittagstisch_2021.pdf\" target=\"_blank\" rel=\"noopener\"><span style=\"color: #99cc00;\">Betriebskonzept Mittagstisch<\/span><\/a><\/p>\n<\/div>\n","protected":false},"excerpt":{"rendered":"Der Mittagstisch Selzach bietet Kindergartenkinder, Sch\u00fcler und Sch\u00fclerinnen ein gemeinsames, gesundes Mittagessen an. Die Kinder verbringen die Mittagszeit mit anderen Kindern zusammen und k\u00f6nnen Spielen, Ruhen, Lesen oder sich Bewegen. Wann W\u00e4hrend der Schulwochen findet der Mittagstisch am Montag, Dienstag, Donnerstag und Freitag, von 11.30 Uhr bis 13.30 Uhr statt. [...]","protected":false},"author":1,"featured_media":0,"parent":0,"menu_order":0,"comment_status":"closed","ping_status":"closed","template":"","meta":{"_price":"","_stock":"","_tribe_ticket_header":"","_tribe_default_ticket_provider":"","_ticket_start_date":"","_ticket_end_date":"","_tribe_ticket_show_description":"","_tribe_ticket_show_not_going":false,"_tribe_ticket_use_global_stock":"","_tribe_ticket_global_stock_level":"","_global_stock_mode":"","_global_stock_cap":"","_tribe_rsvp_for_event":"","_tribe_ticket_going_count":"","_tribe_ticket_not_going_count":"","_tribe_tickets_list":"[]","_tribe_ticket_has_attendee_info_fields":false,"footnotes":"","_tec_slr_enabled":"","_tec_slr_layout":""},"class_list":["post-1774","page","type-page","status-publish","hentry"],"ticketed":false,"_links":{"self":[{"href":"https:\/\/www.elternrat-selzach.ch\/elternrat\/wp-json\/wp\/v2\/pages\/1774","targetHints":{"allow":["GET"]}}],"collection":[{"href":"https:\/\/www.elternrat-selzach.ch\/elternrat\/wp-json\/wp\/v2\/pages"}],"about":[{"href":"https:\/\/www.elternrat-selzach.ch\/elternrat\/wp-json\/wp\/v2\/types\/page"}],"author":[{"embeddable":true,"href":"https:\/\/www.elternrat-selzach.ch\/elternrat\/wp-json\/wp\/v2\/users\/1"}],"replies":[{"embeddable":true,"href":"https:\/\/www.elternrat-selzach.ch\/elternrat\/wp-json\/wp\/v2\/comments?post=1774"}],"version-history":[{"count":11,"href":"https:\/\/www.elternrat-selzach.ch\/elternrat\/wp-json\/wp\/v2\/pages\/1774\/revisions"}],"predecessor-version":[{"id":2381,"href":"https:\/\/www.elternrat-selzach.ch\/elternrat\/wp-json\/wp\/v2\/pages\/1774\/revisions\/2381"}],"wp:attachment":[{"href":"https:\/\/www.elternrat-selzach.ch\/elternrat\/wp-json\/wp\/v2\/media?parent=1774"}],"curies":[{"name":"wp","href":"https:\/\/api.w.org\/{rel}","templated":true}]}}